{"id":55,"date":"2016-09-13T15:13:06","date_gmt":"2016-09-13T12:13:06","guid":{"rendered":"https:\/\/atb.al\/?page_id=55"},"modified":"2021-12-17T14:20:10","modified_gmt":"2021-12-17T14:20:10","slug":"contact","status":"publish","type":"page","link":"https:\/\/atb.al\/en\/contact\/","title":{"rendered":"Contact"},"content":{"rendered":"<p><section  class=\"fw-main-row\"  >\n\t<div class=\"fw-container-fluid no-padding\">\n\t\t<div class=\"fw-row\">\n\t<div class=\"fw-col-xs-12\" style=\"\">\n\t<h1 class='fw-special-title heading-decor tac' style='margin-bottom:30px;'>\n\t<span>Contact<\/span>\n\t<\/h1><\/div>\n<\/div>\n\n<div class=\"fw-row\">\n\t<div class=\"fw-col-xs-12\" style=\"\">\n\t\n<p style=\"text-align: center;\"><iframe loading=\"lazy\" src=\"https:\/\/www.google.com\/maps\/embed?pb=!1m18!1m12!1m3!1d2996.0774637462537!2d19.807529815318926!3d41.32892887926952!2m3!1f0!2f0!3f0!3m2!1i1024!2i768!4f13.1!3m3!1m2!1s0x13503107d4c7e81f%3A0xebd3356ea4b8b5af!2sMANIACARD%20-%20Free%20Card%20Advertising%20Media!5e0!3m2!1sen!2s!4v1638964945570!5m2!1sen!2s\" width=\"1200\" height=\"450\" align=\"\"><\/iframe><\/p>\n<\/div>\n<\/div>\n\n\t<\/div>\n<\/section>\n<section  class=\"fw-main-row\" style=\"padding-top:30px;padding-bottom:50px;\" >\n\t<div class=\"fw-container\">\n\t\t<div class=\"fw-row\">\n\t<div class=\"fw-col-xs-12 fw-col-sm-6 fw-col-md-4\" style=\"\">\n\t<h5 class='fw-special-title heading-decor2' style=''>\n\t<span>KONTAKTET<\/span>\n\t<\/h5>\n<div class=\"contact-row no-line\"><div class=\"label\">Address:<\/div><div class=\"value\">Bogdaneve Road, Tirana<\/div><\/div><div class=\"contact-row no-line\"><div class=\"label\">Tel:<\/div><div class=\"value\">-<\/div><\/div><div class=\"contact-row no-line\"><div class=\"label\">Email:<\/div><div class=\"value\"><a href=\"mailto:support@promo-theme.com\">info@mandarina.al<\/a><\/div><\/div>\n<\/div>\n<div class=\"fw-col-xs-12 fw-col-sm-6 fw-col-md-4\" style=\"\">\n\t<h5 class='fw-special-title heading-decor2' style=''>\n\t<span>NA NDIQNI<\/span>\n\t<\/h5>\n<div class=\"social-links\"><a><i class=\"social-icons icon-facebook-logo\">\u00a0<\/i><\/a> <a><i class=\"social-icons icon-instagram-social-network-logo-of-photo-camera\">\u00a0<\/i><\/a> <a><i class=\"social-icons icon-twitter-logo\">\u00a0<\/i><\/a> <a><i class=\"social-icons icon-pinterest-social-logo\">\u00a0<\/i><\/a> <a><i class=\"social-icons icon-youtube-logotype\">\u00a0<\/i><\/a><\/div>\n<\/div>\n<div class=\"fw-col-xs-12 fw-col-sm-6 fw-col-md-4\" style=\"\">\n\t<h5 class='fw-special-title heading-decor2' style=''>\n\t<span>Q\u00cbNDRONI N\u00cb KONTAKT<\/span>\n\t<\/h5>\t<div class=\"STAY IN TOUCH\">\n\n<div>\n<div class=\"wpcf7 no-js\" id=\"wpcf7-f313-o1\" lang=\"ru-RU\" dir=\"ltr\" data-wpcf7-id=\"313\">\n<div class=\"screen-reader-response\"><p role=\"status\" aria-live=\"polite\" aria-atomic=\"true\"><\/p> <ul><\/ul><\/div>\n<form action=\"\/en\/wp-json\/wp\/v2\/pages\/55#wpcf7-f313-o1\" method=\"post\" class=\"wpcf7-form init subscribe-form\" aria-label=\"Contact form\" novalidate=\"novalidate\" data-status=\"init\" data-trp-original-action=\"\/en\/wp-json\/wp\/v2\/pages\/55#wpcf7-f313-o1\">\n<fieldset class=\"hidden-fields-container\"><input type=\"hidden\" name=\"_wpcf7\" value=\"313\" \/><input type=\"hidden\" name=\"_wpcf7_version\" value=\"6.1.5\" \/><input type=\"hidden\" name=\"_wpcf7_locale\" value=\"ru_RU\" \/><input type=\"hidden\" name=\"_wpcf7_unit_tag\" value=\"wpcf7-f313-o1\" \/><input type=\"hidden\" name=\"_wpcf7_container_post\" value=\"0\" \/><input type=\"hidden\" name=\"_wpcf7_posted_data_hash\" value=\"\" \/>\n<\/fieldset>\n<p><span class=\"wpcf7-form-control-wrap\" data-name=\"email\"><input size=\"40\" maxlength=\"400\" class=\"wpcf7-form-control wpcf7-text wpcf7-validates-as-required input\" aria-required=\"true\" aria-invalid=\"false\" placeholder=\"Vendosni adresen tuaj e-mail\" value=\"\" type=\"text\" name=\"email\" \/><\/span><input class=\"wpcf7-form-control wpcf7-submit has-spinner button-style1\" type=\"submit\" value=\"subscribe\" \/>\n<\/p><div class=\"wpcf7-response-output\" aria-hidden=\"true\"><\/div>\n<input type=\"hidden\" name=\"trp-form-language\" value=\"en\"\/><\/form>\n<\/div>\n<\/div>\n\t<\/div>\n<\/div>\n<\/div>\n\n\t<\/div>\n<\/section>\n<section  class=\"fw-main-row\" style=\"padding-bottom:50px;\" >\n\t<div class=\"fw-container\">\n\t\t<div class=\"fw-row\">\n\t<div class=\"fw-col-xs-12\" style=\"\">\n\t<h2 class='fw-special-title heading-decor tac' style=''>\n\t<span>NDAJ ME NE P\u00cbRSHTYPJET E TUA   <\/span>\n\t<\/h2><\/div>\n<\/div>\n\n<div class=\"fw-row\">\n\t<div class=\"fw-col-xs-12\" style=\"\">\n\t\n<p class=\"t-text\" style=\"text-align: center;\">N\u00ebse keni ndonj\u00eb pyetje rreth sh\u00ebrbimeve apo produkteve tona,<br \/>stafi jon\u00eb \u00ebsht\u00eb i gatsh\u00ebm p\u00ebr tju ndihmuar.<br \/>Na kontaktoni.<\/p><div>\n<div class=\"wpcf7 no-js\" id=\"wpcf7-f327-o2\" lang=\"ru-RU\" dir=\"ltr\" data-wpcf7-id=\"327\">\n<div class=\"screen-reader-response\"><p role=\"status\" aria-live=\"polite\" aria-atomic=\"true\"><\/p> <ul><\/ul><\/div>\n<form action=\"\/en\/wp-json\/wp\/v2\/pages\/55#wpcf7-f327-o2\" method=\"post\" class=\"wpcf7-form init feedback-form fw-row\" aria-label=\"Contact form\" novalidate=\"novalidate\" data-status=\"init\" data-trp-original-action=\"\/en\/wp-json\/wp\/v2\/pages\/55#wpcf7-f327-o2\">\n<fieldset class=\"hidden-fields-container\"><input type=\"hidden\" name=\"_wpcf7\" value=\"327\" \/><input type=\"hidden\" name=\"_wpcf7_version\" value=\"6.1.5\" \/><input type=\"hidden\" name=\"_wpcf7_locale\" value=\"ru_RU\" \/><input type=\"hidden\" name=\"_wpcf7_unit_tag\" value=\"wpcf7-f327-o2\" \/><input type=\"hidden\" name=\"_wpcf7_container_post\" value=\"0\" \/><input type=\"hidden\" name=\"_wpcf7_posted_data_hash\" value=\"\" \/>\n<\/fieldset>\n<div class=\"fw-col-xs-12 fw-col-sm-4\">\n\t<p><span class=\"wpcf7-form-control-wrap\" data-name=\"name-p\"><input size=\"40\" maxlength=\"400\" class=\"wpcf7-form-control wpcf7-text wpcf7-validates-as-required input-style1\" aria-required=\"true\" aria-invalid=\"false\" placeholder=\"Emri\" value=\"\" type=\"text\" name=\"name-p\" \/><\/span><span class=\"wpcf7-form-control-wrap\" data-name=\"email\"><input size=\"40\" maxlength=\"400\" class=\"wpcf7-form-control wpcf7-text wpcf7-validates-as-required input-style1\" aria-required=\"true\" aria-invalid=\"false\" placeholder=\"E-mail\" value=\"\" type=\"text\" name=\"email\" \/><\/span><span class=\"wpcf7-form-control-wrap\" data-name=\"Telefoni\"><input size=\"40\" maxlength=\"400\" class=\"wpcf7-form-control wpcf7-text wpcf7-validates-as-required input-style1\" aria-required=\"true\" aria-invalid=\"false\" placeholder=\"Telefoni\" value=\"\" type=\"text\" name=\"Telefoni\" \/><\/span>\n\t<\/p>\n<\/div>\n<div class=\"fw-col-xs-12 fw-col-sm-8\">\n\t<p><span class=\"wpcf7-form-control-wrap\" data-name=\"message\"><textarea cols=\"40\" rows=\"10\" maxlength=\"2000\" class=\"wpcf7-form-control wpcf7-textarea wpcf7-validates-as-required textarea-style1\" aria-required=\"true\" aria-invalid=\"false\" placeholder=\"Mesazhi\" name=\"message\"><\/textarea><\/span>\n\t<\/p>\n<\/div>\n<div class=\"fw-col-xs-12 tac\">\n\t<p><input class=\"wpcf7-form-control wpcf7-submit has-spinner button-style1\" type=\"submit\" value=\"D\u00ebrgo\" \/>\n\t<\/p>\n<\/div><div class=\"wpcf7-response-output\" aria-hidden=\"true\"><\/div>\n<input type=\"hidden\" name=\"trp-form-language\" value=\"en\"\/><\/form>\n<\/div>\n<\/div>\n<\/div>\n<\/div>\n\n\t<\/div>\n<\/section>\n<\/p>","protected":false},"excerpt":{"rendered":"<p>Kontakt KONTAKTET Adresa:Rruga e Bogdan\u00ebve, TiranaTel:-Email:info@mandarina.al NA NDIQNI \u00a0 \u00a0 \u00a0 \u00a0 \u00a0 Q\u00cbNDRONI N\u00cb KONTAKT NDAJ ME NE P\u00cbRSHTYPJET E TUA N\u00ebse keni ndonj\u00eb pyetje rreth sh\u00ebrbimeve apo produkteve tona,stafi jon\u00eb \u00ebsht\u00eb i gatsh\u00ebm p\u00ebr tju ndihmuar.Na kontaktoni.<\/p>","protected":false},"author":1,"featured_media":0,"parent":0,"menu_order":0,"comment_status":"closed","ping_status":"closed","template":"page-landing.php","meta":{"_acf_changed":false,"footnotes":""},"class_list":["post-55","page","type-page","status-publish","hentry"],"acf":[],"_links":{"self":[{"href":"https:\/\/atb.al\/en\/wp-json\/wp\/v2\/pages\/55","targetHints":{"allow":["GET"]}}],"collection":[{"href":"https:\/\/atb.al\/en\/wp-json\/wp\/v2\/pages"}],"about":[{"href":"https:\/\/atb.al\/en\/wp-json\/wp\/v2\/types\/page"}],"author":[{"embeddable":true,"href":"https:\/\/atb.al\/en\/wp-json\/wp\/v2\/users\/1"}],"replies":[{"embeddable":true,"href":"https:\/\/atb.al\/en\/wp-json\/wp\/v2\/comments?post=55"}],"version-history":[{"count":33,"href":"https:\/\/atb.al\/en\/wp-json\/wp\/v2\/pages\/55\/revisions"}],"predecessor-version":[{"id":2429,"href":"https:\/\/atb.al\/en\/wp-json\/wp\/v2\/pages\/55\/revisions\/2429"}],"wp:attachment":[{"href":"https:\/\/atb.al\/en\/wp-json\/wp\/v2\/media?parent=55"}],"curies":[{"name":"wp","href":"https:\/\/api.w.org\/{rel}","templated":true}]}}