{"id":2161,"date":"2021-12-16T21:15:05","date_gmt":"2021-12-16T21:15:05","guid":{"rendered":"https:\/\/atb.al\/?page_id=2161"},"modified":"2021-12-22T15:53:11","modified_gmt":"2021-12-22T15:53:11","slug":"rreth-nesh","status":"publish","type":"page","link":"https:\/\/atb.al\/en\/rreth-nesh\/","title":{"rendered":"About Us"},"content":{"rendered":"<section  class=\"fw-main-row\"  >\n\t<div class=\"fw-container\">\n\t\t<div class=\"fw-row\">\n\t<div class=\"fw-col-xs-12\" style=\"\">\n\t\n\t<div class=\"fw-divider-space\" style=\"padding-top: 50px;\"><\/div>\n<\/div>\n<\/div>\n\n<div class=\"fw-row\">\n\t<div class=\"fw-col-xs-12\" style=\"\">\n\t\r\n<!-- Photo carousel -->\r\n<div class=\"ig-carousel ig-carousel57\">\r\n\t\t<div class=\"item\" style=\"background-image: url(\/\/atb.al\/wp-content\/uploads\/ElbasanGF22w.jpg);\"><a href=\"\"><\/a><\/div>\r\n\t\t<div class=\"item\" style=\"background-image: url(\/\/atb.al\/wp-content\/uploads\/PogradecGF22r.jpg);\"><a href=\"\"><\/a><\/div>\r\n\t\t<div class=\"item\" style=\"background-image: url(\/\/atb.al\/wp-content\/uploads\/ShkodraGF22b.jpg);\"><a href=\"\"><\/a><\/div>\r\n\t\t<div class=\"item\" style=\"background-image: url(\/\/atb.al\/wp-content\/uploads\/FierGF22w.jpg);\"><a href=\"\"><\/a><\/div>\r\n\t\t<div class=\"item\" style=\"background-image: url(\/\/atb.al\/wp-content\/uploads\/GjirokastraGF22g.jpg);\"><a href=\"\"><\/a><\/div>\r\n\t\t<div class=\"item\" style=\"background-image: url(\/\/atb.al\/wp-content\/uploads\/TiranaGF22B.jpg);\"><a href=\"\"><\/a><\/div>\r\n\t<\/div>\r\n<!-- END Photo carousel -->\r\n\n\t<div class=\"fw-divider-space\" style=\"padding-top: 50px;\"><\/div>\n<\/div>\n<\/div>\n\n<div class=\"fw-row\">\n\t<div class=\"fw-col-xs-12\" style=\"\">\n\t\n<p>Albania The Beautiful vjen me nj\u00eb mund\u00ebsi unike p\u00ebr t\u00eb nd\u00ebrthurur urimet e fundvitit me promovimin e vendit ton\u00eb, t\u00eb quajtur \u201cAlbania Greets\u201d. Jan\u00eb qindra kartolina e video giffe me mesazhet e Urimit per Festat e fundvitit t\u00eb p\u00ebrcjella p\u00ebrmes qyteteve tona, destinacioneve m\u00eb atraktive, simboleve m\u00eb tipike, tradit\u00ebs, shprehjeve e folklorit ton\u00eb.<\/p><p>Nj\u00eb urim i till\u00eb kryen edhe funksionin e promovimit t\u00eb vendeve q\u00eb ne kemi m\u00eb t\u00eb dashura, me q\u00ebllim nxitjen e sa m\u00eb shum\u00eb vizitave dhe kthimin e v\u00ebmendjes s\u00eb vizitor\u00ebve vendas apo t\u00eb huaj tek udh\u00ebtimet brenda vendit ton\u00eb.<\/p><p>E bukura e k\u00ebtij projekti \u00ebsht\u00eb se promovimi do t\u00eb b\u00ebhet nga vet\u00eb njer\u00ebzit, qytetar\u00ebt, t\u00eb rinjt\u00eb e t\u00eb rejat, t\u00eb huajt q\u00eb jetojn\u00eb n\u00eb vendin ton\u00eb apo edhe nga \u00e7do shqiptar q\u00eb jeton kudo jasht\u00eb vendit, \u00a0bizneset apo institucionet, nga vet\u00eb ata q\u00eb e din\u00eb m\u00eb mir\u00eb se kushdo tjet\u00ebr sa e bukur, magjeps\u00ebse dhe e ve\u00e7ant\u00eb \u00ebsht\u00eb Shqip\u00ebria. Kjo sepse t\u00eb gjitha kartolinat dhe video giffet do jen\u00eb n\u00eb dispozicion FALAS dhe fare LEHT\u00cb t\u00eb d\u00ebrgueshme nga faqet online t\u00eb Albania The Beautiful, si nga web-i ashtu edhe nga rrjetet sociale.<\/p><p>Kur afrohen Festat, ne gjithmon\u00eb jemi n\u00eb k\u00ebrkim t\u00eb nj\u00eb urimi apo mesazhi sa m\u00eb origjinal, t\u00eb bukur dhe t\u00eb personalizuar p\u00ebr ta d\u00ebrguar at\u00eb tek miqte tan\u00eb. K\u00ebt\u00eb her\u00eb \u201cAlbania GREETS\u201d ju sjell pik\u00ebrisht qindra kartolina dixhitale apo video t\u00eb tilla, \u201cnj\u00ebra m\u00eb e bukur se tjetra\u201d, gati p\u00ebr t'u d\u00ebrguar e p\u00ebr t'u ndar\u00eb me njer\u00ebzit e zemr\u00ebs, t\u00eb af\u00ebrm, miq, shok\u00eb, bashk\u00ebpun\u00ebtor\u00eb e koleg\u00eb. K\u00ebt\u00eb vit do t\u00eb urojm\u00eb padiskutim, por do t\u00eb urojm\u00eb ndryshe, me nj\u00eb form\u00eb krejt\u00ebsisht t\u00eb re dhe mbi t\u00eb gjitha do t\u00eb urojm\u00eb me VENDIN ton\u00eb. \u00c7dokush mund t\u00eb p\u00ebrzgjedh\u00eb nj\u00eb URIM me vendlindjen e tij, apo me at\u00eb t\u00eb vendit ku jeton, me at\u00eb q\u00eb do t'ia sugjeroj\u00eb dikujt p\u00ebr vizit\u00eb etj..<\/p><p>P\u00ebrmes ketyre urimeve, do t\u00eb promovohet i gjith\u00eb territori shqiptar. Jan\u00eb p\u00ebrzgjedhur kreativa nga m\u00eb t\u00ebrheq\u00ebset nga t\u00eb gjitha qytetet dhe destinacionet kryesore shqiptare, destinacionet turistike, ku tregohen bukurit\u00eb natyrore, trash\u00ebgimia kulturore, shprehjet dhe simbolet identifikues q\u00eb e b\u00ebjn\u00eb t\u00eb ve\u00e7ant\u00eb secilin prej tyre.<br \/>\u201cAlbania GREETS\u201d apo \u201cShqip\u00ebria URON\u201d, \u00a0do t'ia jap\u00eb mund\u00ebsin\u00eb e zgjedhjes dhe t\u00eb shp\u00ebrndarjes s\u00eb saj kujtdo dhe kudo, n\u00eb \u00e7do rrjet social, website, e-mail pra n\u00eb \u00e7do kanal t\u00eb mundsh\u00ebm.<\/p><p>Albania Greets do t\u00eb ket\u00eb nj\u00eb website: <a href=\"https:\/\/atb.al\/en\/\">www.atb.al<\/a>, i gjithi dedikuar k\u00ebtij projekti, ku do t\u00eb jen\u00eb t\u00eb publikuara t\u00eb gjitha kartolinat. Kushdo q\u00eb d\u00ebshiron mund t\u00eb hyj tek website, t\u00eb p\u00ebrzgjedh kartolin\u00ebn e tij t\u00eb preferuar, ta shkarkoj\u00eb fare leht\u00eb, apo ta d\u00ebrgoj\u00eb direkt si urim tek kushdo q\u00eb d\u00ebshiron. E gjitha kjo \u00ebsht\u00eb t\u00ebr\u00ebsisht FALAS.<\/p><p>Albania Greets do t\u00eb jet\u00eb n\u00eb t\u00eb gjitha rrjetet sociale: Facebook, Instagram, Linkedin e You Tube.<br \/>me informacion t\u00eb p\u00ebrditsh\u00ebm, kartolinat p\u00ebrkat\u00ebse, mini-videot, video promo etj nga mesazhet e d\u00ebrguara nga vet\u00eb p\u00ebrdoruesit.<\/p><p><strong><em>Ndaj kudo q\u00eb t\u00eb jesh, brenda apo jasht\u00eb Shqip\u00ebrie, cilido qoft\u00eb vendi yt i origjin\u00ebs apo destinacioni m\u00eb i preferuar shqiptar k\u00ebto festa URO ME VENDIN T\u00cbND!<\/em><\/strong><br \/><strong>VENDI IM, URIMI IM! <\/strong><br \/><strong>\u00a0<\/strong><\/p><p class=\"xmprfx_MsoListParagraph\">\"Albania Greets\", mund\u00ebsuar nga RAIFFEISEN INVEST<br \/>Raiffeisen Invest, gjithmon\u00eb n\u00eb mbeshtetje t\u00eb turizmit dhe t\u00eb ekonomive lokale.<\/p><p>&nbsp;<\/p><p class=\"xmprfx_MsoListParagraph\">-MANIACARD,\u00a0Creative Sponsor i \u201cAlbania Greets\" beje MANIACARD,\u00a0Creative Partner i \u201cAlbania Greet<\/p><p class=\"xmprfx_MsoNormal\">MANIACARD, si nj\u00eb agjensi kreative e mir\u00ebnjohur dhe njoh\u00ebse e mir\u00eb e mediumit kartolin\u00eb, si dhe e medias sociale, e cila gjithnj\u00eb sjell risi dhe inovacion n\u00eb fush\u00ebn e komunikimit dhe marketingut.<\/p><p><strong>\u00a0<\/strong><\/p>\n<\/div>\n<\/div>\n\n\t<\/div>\n<\/section>","protected":false},"excerpt":{"rendered":"<p>Albania The Beautiful vjen me nj\u00eb mund\u00ebsi unike p\u00ebr t\u00eb nd\u00ebrthurur urimet e fundvitit me promovimin e vendit ton\u00eb, t\u00eb quajtur \u201cAlbania Greets\u201d. Jan\u00eb qindra kartolina e video giffe me mesazhet e Urimit per Festat e fundvitit t\u00eb p\u00ebrcjella p\u00ebrmes qyteteve tona, destinacioneve m\u00eb atraktive, simboleve m\u00eb tipike, tradit\u00ebs, shprehjeve e folklorit ton\u00eb.Nj\u00eb urim i [&hellip;]<\/p>\n","protected":false},"author":1,"featured_media":0,"parent":0,"menu_order":0,"comment_status":"closed","ping_status":"closed","template":"","meta":{"_acf_changed":false,"footnotes":""},"class_list":["post-2161","page","type-page","status-publish","hentry"],"acf":[],"_links":{"self":[{"href":"https:\/\/atb.al\/en\/wp-json\/wp\/v2\/pages\/2161","targetHints":{"allow":["GET"]}}],"collection":[{"href":"https:\/\/atb.al\/en\/wp-json\/wp\/v2\/pages"}],"about":[{"href":"https:\/\/atb.al\/en\/wp-json\/wp\/v2\/types\/page"}],"author":[{"embeddable":true,"href":"https:\/\/atb.al\/en\/wp-json\/wp\/v2\/users\/1"}],"replies":[{"embeddable":true,"href":"https:\/\/atb.al\/en\/wp-json\/wp\/v2\/comments?post=2161"}],"version-history":[{"count":9,"href":"https:\/\/atb.al\/en\/wp-json\/wp\/v2\/pages\/2161\/revisions"}],"predecessor-version":[{"id":2766,"href":"https:\/\/atb.al\/en\/wp-json\/wp\/v2\/pages\/2161\/revisions\/2766"}],"wp:attachment":[{"href":"https:\/\/atb.al\/en\/wp-json\/wp\/v2\/media?parent=2161"}],"curies":[{"name":"wp","href":"https:\/\/api.w.org\/{rel}","templated":true}]}}